{"id":146,"date":"2020-04-17T20:04:00","date_gmt":"2020-04-17T18:04:00","guid":{"rendered":"http:\/\/olimpiadadebiologia.cat\/?page_id=146"},"modified":"2025-12-09T17:27:31","modified_gmt":"2025-12-09T15:27:31","slug":"bases","status":"publish","type":"page","link":"https:\/\/olimpiadadebiologia.cat\/index.php\/bases\/","title":{"rendered":"Bases"},"content":{"rendered":"\t\t<div data-elementor-type=\"wp-page\" data-elementor-id=\"146\" class=\"elementor elementor-146\">\n\t\t\t\t\t\t<section class=\"elementor-section elementor-top-section elementor-element elementor-element-2f3cafdc elementor-section-boxed elementor-section-height-default elementor-section-height-default\" data-id=\"2f3cafdc\" data-element_type=\"section\" data-e-type=\"section\">\n\t\t\t\t\t\t<div class=\"elementor-container elementor-column-gap-default\">\n\t\t\t\t\t<div class=\"elementor-column elementor-col-100 elementor-top-column elementor-element elementor-element-4a2cf844\" data-id=\"4a2cf844\" data-element_type=\"column\" data-e-type=\"column\">\n\t\t\t<div class=\"elementor-widget-wrap elementor-element-populated\">\n\t\t\t\t\t\t<div class=\"elementor-element elementor-element-516955db elementor-widget elementor-widget-text-editor\" data-id=\"516955db\" data-element_type=\"widget\" data-e-type=\"widget\" data-widget_type=\"text-editor.default\">\n\t\t\t\t<div class=\"elementor-widget-container\">\n\t\t\t\t\t\t\t\t\t<h2>Requisit per a poder participar<\/h2>\n<p><!-- \/wp:heading --><\/p>\n<p><!-- wp:paragraph --><\/p>\n<p>Els requisits per a poder participar a l&#8217;Olimp\u00edada de Biologia s\u00f3n els seg\u00fcents:<\/p>\n<p><!-- \/wp:paragraph --><\/p>\n<p><!-- wp:list --><\/p>\n<ul>\n<li>Estar matricular a segon curs de batxillerat en un centre de secund\u00e0ria de Catalunya durant el curs de la convocat\u00f2ria.<\/li>\n<li>\n<p class=\"MsoNormal\"><span lang=\"CA\"><b>Cada centre podr\u00e0 participar amb un m\u00e0xim de 4 alumnes<\/b>.\u00a0<\/span><span style=\"background-color: inherit;\">Excepcionalment es pot sol\u00b7licitar a la Comissi\u00f3 Organitzadora (<\/span><a href=\"mailto:contacte@olimpiadadebiologia.cat\"><span style=\"color: #ff6600;\">contacte@olimpiadadebiologia.cat<\/span><\/a><span style=\"background-color: inherit;\">) la participaci\u00f3 de m\u00e9s de 4 alumnes per centre, i aquesta comissi\u00f3 es posar\u00e0 en contacte amb el professor del centre per a autoritzar la partici\u00f3 d&#8217;aquests alumnes condicionada a les places disponibles de la seu corresponent.<\/span><\/p>\nSi el nombre d&#8217;inscrits supera la capacitat d&#8217;una seu, el Comit\u00e8 Organitzador far\u00e0 una selecci\u00f3 en base a l&#8217;expedient acad\u00e8mic dels estudiants inscrits, segons els seg\u00fcents criteris:\n<ul>\n<li>Nota final de l&#8217;assignatura de biologia de primer de batxillerat <strong>70%<\/strong><\/li>\n<li>Nota mitjana global de primer de batxillerat <strong>30%<\/strong><\/li>\n<\/ul>\n<\/li>\n<\/ul>\n<p><!-- \/wp:list --><\/p>\n<p><!-- wp:spacer --><\/p>\n<p><!-- \/wp:spacer --><\/p>\n<p><!-- wp:heading --><\/p>\n<h2>Estructura de la prova<\/h2>\n<p><!-- \/wp:heading --><\/p>\n<p><!-- wp:paragraph --><\/p>\n<p>El temari de la prova ser\u00e0 <strong>tot el <span style=\"color: #ff6600;\"><a style=\"color: #ff6600;\" href=\"http:\/\/olimpiadadebiologia.cat\/wp-content\/uploads\/2023\/09\/Curriculum_Batxillerat_Biologia_Catalunya_LOMLOE_DECRET_171_20_setembre_2022.pdf\" target=\"_blank\" rel=\"noreferrer noopener\"><span class=\"has-inline-color has-luminous-vivid-orange-color\">temari<\/span><\/a><\/span> oficial de la mat\u00e8ria de Biologia de batxillerat<\/strong><\/p>\n<p><!-- \/wp:paragraph --><\/p>\n<p><!-- wp:paragraph --><\/p>\n<p>L&#8217;Olimp\u00edada compr\u00e8n dues proves: una <strong>te\u00f2rica<\/strong> i una <strong>pr\u00e0ctica<\/strong>:<\/p>\n<p><!-- \/wp:paragraph --><\/p>\n<p><!-- wp:paragraph --><\/p>\n<p>La <strong>prova te\u00f2rica<\/strong> la realitzar\u00e0 tot l&#8217;alumnat inscrit a la seu que li correspongui. Aquesta prova consisteix en un <strong>examen tipus test de 50 preguntes d&#8217;opci\u00f3 m\u00faltiple (n=4)<\/strong>. La nota es calcular\u00e0 aplicant la seg\u00fcent f\u00f3rmula: <img decoding=\"async\" width=\"150\" height=\"28\" class=\"wp-image-265\" style=\"width: 150px;\" src=\"http:\/\/olimpiadadebiologia.cat\/wp-content\/uploads\/2020\/04\/Captura-de-Pantalla-2020-04-18-a-les-12.57.53.png\" alt=\"\" \/> sense que descomptin les preguntes en blanc. La durada de la prova ser\u00e0 de <strong>dues hores<\/strong>. \u00c9s convienient portar <strong>calculadora cient\u00edfica<\/strong>, ja que l&#8217;<strong>\u00fas de m\u00f2bil est\u00e0 prohibit<\/strong>.<\/p>\n<p><!-- \/wp:paragraph --><\/p>\n<p><!-- wp:paragraph --><\/p>\n<p>La <strong>prova pr\u00e0ctica<\/strong> la realitzaran els <strong>20 alumnes finalistes<\/strong> amb la representaci\u00f3 m\u00ednima d&#8217;un alumne per seu. La prova consisteix en resoldre problemes pr\u00e0ctics on els alumnes hauran de realitzar experiments senzills de laboratori, preparar i\/o examinar mostres al microscopi o analitzar dades bioinform\u00e0tiques. El seu objectiu \u00e9s con\u00e8ixer la capacitat i les bases pr\u00e0ctiques i te\u00f2riques que tenen pel treball pr\u00e0ctic al laboratori. No es tractar\u00e0 en cap cas que hagin de memoritzar protocols, sin\u00f3 que els s\u00e0piguen llegir, interpretar i dur a la pr\u00e0ctica utilitzant els elements b\u00e0sics de treball a un laboratori de Biologia.<\/p>\n<p><!-- \/wp:paragraph --><\/p>\n<p><!-- wp:paragraph --><\/p>\n<p>La <strong>qualificaci\u00f3 final<\/strong> s\u2019obtindr\u00e0 per la mitjana ponderada de les qualificacions de les proves te\u00f2rica (60%) i pr\u00e0ctica (40%).<\/p>\n<p><!-- \/wp:paragraph --><\/p>\n<p><!-- wp:spacer --><\/p>\n<div aria-hidden=\"true\">\n<h2>Exemples de preguntes te\u00f2riques i pr\u00e0ctiques<\/h2>\n<\/div>\n<div class=\"wp-block-spacer\" style=\"height: 100px;\" aria-hidden=\"true\"><span style=\"font-size: 16px; background-color: inherit;\">En el seg\u00fcent enlla\u00e7 es pot accedir a una <\/span><strong style=\"font-size: 16px; background-color: inherit;\">mostra de 15 preguntes te\u00f2riques<\/strong><span style=\"font-size: 16px; background-color: inherit;\"> i <\/span><strong style=\"font-size: 16px; background-color: inherit;\">una pr\u00e0ctica de cada una de les edicions<\/strong><span style=\"font-size: 16px; background-color: inherit;\"> anteriors fins l&#8217;any 2022 i a <\/span><strong style=\"font-size: 16px; background-color: inherit;\">tota la prova te\u00f2rica amb les seves respostes i a dues pr\u00e0ctiques des de 2023<\/strong><span style=\"font-size: 16px; background-color: inherit;\">. <\/span><span style=\"font-size: 16px; background-color: inherit; color: #ff6600;\"><a style=\"color: #ff6600;\" href=\"http:\/\/olimpiadadebiologia.cat\/index.php\/examens\/\" target=\"_blank\" rel=\"noreferrer noopener\"><span class=\"has-inline-color has-luminous-vivid-orange-color\"><strong>Mostres d&#8217;ex\u00e0mens<\/strong><\/span><\/a><\/span><\/div>\n<p><!-- \/wp:paragraph --><\/p>\n<p><!-- wp:spacer --><\/p>\n<p><!-- \/wp:spacer --><\/p>\n<p><!-- wp:heading --><\/p>\n<h2>Celebraci\u00f3 de la prova te\u00f2rica<\/h2>\n<p><!-- \/wp:heading --><\/p>\n<p><!-- wp:paragraph --><\/p>\n<p>La prova te\u00f2rica es realitzar\u00e0 simult\u00e0niament a les diferents seus:<\/p>\n<p><!-- \/wp:paragraph --><\/p>\n<p><!-- wp:list --><\/p>\n<ul>\n<li><strong>Barcelona<\/strong> (m\u00e0xim 200 participants): la prova es realitza entre la <strong>Universitat de Barcelona<\/strong> (<span style=\"color: #ff6600;\"><a style=\"color: #ff6600;\" href=\"https:\/\/goo.gl\/maps\/DFyR2tntP8C6T2AR7\" target=\"_blank\" rel=\"noreferrer noopener\"><span class=\"has-inline-color has-red-color\">Facultat de Biologia<\/span><\/a><\/span>), anys senars i la <strong>Universitat Aut\u00f2noma de Barcelona<\/strong> (<span style=\"color: #ff6600;\"><a style=\"color: #ff6600;\" href=\"https:\/\/goo.gl\/maps\/oqJ8BzzwdMtb2uo28\" target=\"_blank\" rel=\"noreferrer noopener\"><span class=\"has-inline-color has-red-color\">Facultat de Bioci\u00e8ncies<\/span><\/a><\/span>), anys parells.<\/li>\n<li><strong>Tarragona<\/strong>: la prova es realitza a la <strong>Universitat Rovira i Virgili<\/strong>, Campus Sescelades (<span style=\"color: #ff6600;\"><a style=\"color: #ff6600;\" href=\"https:\/\/goo.gl\/maps\/YrxH1XHjvy5n9Pxu6\" target=\"_blank\" rel=\"noreferrer noopener\"><span class=\"has-inline-color has-red-color\">Facultat de Qu\u00edmica<\/span><\/a><\/span>).<\/li>\n<li><strong>Girona<\/strong>: la prova es realitza a la <strong>Universitat de Girona<\/strong>, Campus Montilivi (<span style=\"color: #ff6600;\"><a style=\"color: #ff6600;\" href=\"https:\/\/goo.gl\/maps\/pe7hJwD24DCin52f9\" target=\"_blank\" rel=\"noreferrer noopener\"><span class=\"has-inline-color has-red-color\">Facultat de Ci\u00e8ncies<\/span><\/a><\/span>).<\/li>\n<li><strong>Lleida<\/strong>: la prova es realitza a la <strong>Universitat de Lleida<\/strong>, Campus de Cappont (<span style=\"color: #ff6600;\"><a style=\"color: #ff6600;\" href=\"https:\/\/goo.gl\/maps\/cAveuBkWPqUJdvqR9\" target=\"_blank\" rel=\"noreferrer noopener\"><span class=\"has-inline-color has-red-color\">Edifici Polivalent<\/span><\/a><\/span>).<\/li>\n<li><strong>Vic<\/strong>: la prova es realitza a la <strong>Universitat de Vic &#8211; Universitat Central de Catalunya<\/strong>, <span style=\"color: #ff6600;\"><a style=\"color: #ff6600;\" href=\"https:\/\/goo.gl\/maps\/BnUcPUnRMAXG4gc56\" target=\"_blank\" rel=\"noreferrer noopener\"><span class=\"has-inline-color has-red-color\">Campus Miramarges<\/span><\/a>.<\/span><\/li>\n<\/ul>\n<p><!-- \/wp:list --><\/p>\n<p><!-- wp:paragraph --><\/p>\n<p>A <strong>Barcelona<\/strong> cal arribar com a m\u00ednim 45 minuts abans per a presentar-se i situar-se a les aules. A la <strong>resta de les seus<\/strong> \u00e9s suficient arribar 30 minuts abans.<\/p>\n<p><!-- \/wp:paragraph --><\/p>\n<p><!-- wp:paragraph --><\/p>\n<p>A cada seu estan previstes diferents activitats entre el final de la prova te\u00f2rica i el lliurament dels resultats. Cada any s&#8217;actualitza el programa que el trobareu en aquest apartat.<\/p>\n<p>En cap cas, un cop finalitzat l&#8217;examen l&#8217;alumne\/a o qualsevol altre persona aliena a l&#8217;Organitzaci\u00f3 NO tindr\u00e0 acc\u00e9s als ex\u00e0mens i\/o la qualificaci\u00f3 final. Nom\u00e9s es publicaran al cap d&#8217;uns dies els alumnes ordenats per quartils i ordre alfab\u00e8tic a partir del primer cognom.<\/p>\n<h2>OBC 2026<\/h2>\n<p>La prova te\u00f2rica ser\u00e0 a les diferents seus el dissabte 7 de febrer al mat\u00ed.<\/p>\n<p><!-- \/wp:paragraph --><\/p>\n<p><!-- wp:spacer --><\/p>\n<p><!-- \/wp:heading --><\/p>\n<p><!-- wp:paragraph --><\/p>\n<h2>Celebraci\u00f3 de la prova pr\u00e0ctica (2026)<\/h2>\n<p>La <strong>prova pr\u00e0ctica<\/strong> se celebrar\u00e0 el dijous 12 de febrer de 2026 a les 15:00h a la <strong>Universitat Aut\u00f2noma de Barcelona (Facultat de Bioci\u00e8ncies)<\/strong>.<\/p>\n<p><!-- \/wp:paragraph --><\/p>\n<p><!-- wp:paragraph --><\/p>\n<p>\u00c9s convenient portar <strong>calculadora cient\u00edfica<\/strong> per si cal fer c\u00e0lculs, ja que l&#8217;<strong>\u00fas de m\u00f2bil est\u00e0 prohibit<\/strong>. Pot ser que sigui necessari l\u2019\u00fas de micropipetes i\/o d\u2019espectrofot\u00f2metres . A continuaci\u00f3 es posen els enlla\u00e7os a dos manuals sobre el seu funcionament:<\/p>\n<p><!-- \/wp:paragraph --><\/p>\n<p><!-- wp:list --><\/p>\n<ul>\n<li><a href=\"http:\/\/olimpiadadebiologia.cat\/wp-content\/uploads\/2020\/04\/micropipetes.pdf\" target=\"_blank\" rel=\"noreferrer noopener\"><strong><span class=\"has-inline-color has-luminous-vivid-orange-color\"><span style=\"color: #ff6600;\">Manual d&#8217;\u00fas de micropipetes<\/span><\/span><\/strong><\/a><span class=\"has-inline-color has-luminous-vivid-orange-color\"><strong>.<\/strong><\/span><\/li>\n<li><strong><a href=\"http:\/\/olimpiadadebiologia.cat\/wp-content\/uploads\/2020\/04\/instruccions-espectrofot\u00f2metres-OBC.pdf\" target=\"_blank\" rel=\"noreferrer noopener\"><span class=\"has-inline-color has-luminous-vivid-orange-color\"><span style=\"color: #ff6600;\">Manual d&#8217;\u00fas de l&#8217;espectrofot\u00f2metre<\/span><\/span><\/a><span class=\"has-inline-color has-luminous-vivid-orange-color\">.<\/span><\/strong><\/li>\n<\/ul>\n<p><!-- \/wp:list --><\/p>\n<p><!-- wp:spacer --><\/p>\n<p><!-- \/wp:spacer --><\/p>\n<p><!-- wp:heading --><\/p>\n<h2>Jurat<\/h2>\n<p><!-- \/wp:heading --><\/p>\n<p><!-- wp:paragraph --><\/p>\n<p>Un tribunal format per professors de Biologia de Batxillerat i d\u2019Universitat valorar\u00e0 i qualificar\u00e0 les proves. La resoluci\u00f3 d&#8217;aquest tribunal ser\u00e0 inapel\u00b7lable.<\/p>\n<p><!-- \/wp:paragraph --><\/p>\n<p><!-- wp:spacer --><\/p>\n<p><!-- \/wp:spacer --><\/p>\n<p><!-- wp:heading --><\/p>\n<h2>Premis<\/h2>\n<p><!-- \/wp:heading --><\/p>\n<p><!-- wp:paragraph --><\/p>\n<p>Tots els participants rebran al seu correu electr\u00f2nic un <strong>diploma acreditatiu <\/strong>de la seva participaci\u00f3 un cop hagin enviat l\u2019examen telem\u00e0tic.<\/p>\n<p><!-- \/wp:paragraph --><\/p>\n<p><!-- wp:paragraph --><\/p>\n<p>L\u2019acte solemne de cloenda i lliurament de premis es far\u00e0 a l\u2019<span style=\"color: #ff6600;\"><a style=\"color: #ff6600;\" href=\"https:\/\/www.iec.cat\/activitats\/entrada.asp\" target=\"_blank\" rel=\"noreferrer noopener\"><strong><span class=\"has-inline-color has-luminous-vivid-orange-color\">Institut d\u2019Estudis Catalans (IEC)<\/span><\/strong><\/a><\/span>, situat al <span style=\"color: #ff6600;\"><a style=\"color: #ff6600;\" href=\"https:\/\/goo.gl\/maps\/yrmes66yaMvzEeVi8\" target=\"_blank\" rel=\"noreferrer noopener\"><span class=\"has-inline-color has-luminous-vivid-orange-color\">Carrer del Carme, 47 de Barcelona<\/span><\/a><\/span>, el <strong>divendres 20 de febrer de 2026 a les 18:00h.<\/strong> Aquest acte ser\u00e0 presencial i comptar\u00e0 amb la pres\u00e8ncia dels vint finalistes, sense acompanyants, i d\u2019una representaci\u00f3 de la Comissi\u00f3 Organitzadora.<\/p>\n<p><!-- \/wp:paragraph --><\/p>\n<p><!-- wp:paragraph --><\/p>\n<p>Es concediran les seg\u00fcents medalles:<\/p>\n<p><!-- \/wp:paragraph --><\/p>\n<p><!-- wp:list --><\/p>\n<ul>\n<li>Tres medalles d&#8217;<strong>or<\/strong><\/li>\n<li>Tres medalles de <strong>plata<\/strong><\/li>\n<li>Catorze medalles de <strong>bronze<\/strong> pels finalistes restants<\/li>\n<\/ul>\n<p><!-- \/wp:list --><\/p>\n<p><!-- wp:paragraph --><\/p>\n<p>Els\u00a0<strong>tres alumnes<\/strong>\u00a0amb la qualificaci\u00f3 m\u00e9s alta rebran el diploma corresponent de guanyadors de l\u2019edici\u00f3, <strong>una medalla d\u2019or<\/strong> simb\u00f2lic i un obsequi que determinar\u00e0 l\u2019Organitzaci\u00f3 (l&#8217;\u00faltima edici\u00f3 va ser una tablet).<\/p>\n<p><!-- \/wp:paragraph --><\/p>\n<p><!-- wp:paragraph --><\/p>\n<p>Els<strong> tres alumnes<\/strong> amb la seg\u00fcent qualificaci\u00f3 m\u00e9s alta rebran el diploma corresponent de segons classificats de l\u2019edici\u00f3, <strong>una medalla de plata<\/strong> simb\u00f2lica i un obsequi que determinar\u00e0 l\u2019Organitzaci\u00f3 (l&#8217;\u00faltima edici\u00f3 va ser un llibre de Bioqu\u00edmica).<\/p>\n<p><!-- \/wp:paragraph --><\/p>\n<p><!-- wp:paragraph --><\/p>\n<p>Els<strong> catorze alumnes restants<\/strong> rebran el diploma corresponent de tercers classificats de l\u2019edici\u00f3, <strong>una medalla de bronze<\/strong> simb\u00f2lic i un obsequi que determinar\u00e0 l\u2019Organitzaci\u00f3.<\/p>\n<p><!-- \/wp:paragraph --><\/p>\n<p><!-- wp:paragraph --><\/p>\n<p>L&#8217;<strong>alumne\/a guanyador\/a<\/strong> <strong>absolut <\/strong>tindr\u00e0 dret a la <strong>gratu\u00eftat total o parcial del primer curs de determinats graus<\/strong> i en ocasions tamb\u00e9 pel primer classificat de la seu o per m\u00e9s cursos, segons els criteris i condicions de cadascuna de les Universitats col\u00b7laboradores que s&#8217;indiquen en el seg\u00fcent document: <span style=\"color: #ff6600;\"><a style=\"color: #ff6600;\" href=\"http:\/\/olimpiadadebiologia.cat\/wp-content\/uploads\/2023\/10\/premiuniversitatsOBC24.pdf\" target=\"_blank\" rel=\"noreferrer noopener\" data-type=\"URL\" data-id=\"http:\/\/olimpiadadebiologia.cat\/wp-content\/uploads\/2021\/03\/premisunis2021.pdf\"><span class=\"has-inline-color has-luminous-vivid-orange-color\"><strong>Premis de matr\u00edcula gratu\u00efta que concedeixen les Universitats que col\u00b7laboren amb l&#8217;Olimp\u00edada de Biologia de Catalunya<\/strong><\/span><\/a><\/span>. Les Universitats col\u00b7laboradores s\u00f3n:<\/p>\n<p><!-- \/wp:paragraph --><\/p>\n<p><!-- wp:paragraph --><\/p>\n<p>1. Universitat Aut\u00f2noma de Barcelona (UAB)<\/p>\n<p><!-- \/wp:paragraph --><\/p>\n<p><!-- wp:paragraph --><\/p>\n<p>2. Universitat de Barcelona (UB)<\/p>\n<p><!-- \/wp:paragraph --><\/p>\n<p><!-- wp:paragraph --><\/p>\n<p><span style=\"background-color: inherit;\">3. Universitat Pompeu Fabra de Barcelona (UPF)<\/span><\/p>\n<p><!-- \/wp:paragraph --><\/p>\n<p><!-- wp:paragraph --><\/p>\n<p>4. Universitat de Girona (UdG)<\/p>\n<p><!-- \/wp:paragraph --><\/p>\n<p><!-- wp:paragraph --><\/p>\n<p>5. Universitat de Lleida (UdL)<\/p>\n<p><!-- \/wp:paragraph --><\/p>\n<p><!-- wp:paragraph --><\/p>\n<p>6. Universitat Rovira Virgili de Tarragona (URV).\u00a0<\/p>\n<p><!-- \/wp:paragraph --><\/p>\n<p><!-- wp:paragraph --><\/p>\n<p>7. Universitat de Vic \u2013 Universitat Central de Catalunya (UVic-UCC)<\/p>\n<p><!-- \/wp:paragraph --><\/p>\n<p><!-- wp:paragraph --><\/p>\n<p>Els\u00a0<strong>quatre millors classificats <\/strong>podran participar en representaci\u00f3 de Catalunya i\u00a0<strong>amb totes les despeses pagades<\/strong>, a l&#8217;<span style=\"color: #ff6600;\"><a style=\"color: #ff6600;\" href=\"http:\/\/olimpiadadebiologia.cat\/index.php\/olimpiada-espanola-de-biologia\/\"><strong><span class=\"has-inline-color has-luminous-vivid-orange-color\">Olimp\u00edada Espanyola de Biologia (OEB)<\/span><\/strong><\/a><\/span>. L\u2019edici\u00f3 de la OEB 2026 se <span style=\"text-decoration: underline;\">celebrar\u00e0 a Cantabria del 12 al 15 de mar\u00e7 de 2026.<\/span><\/p>\n<p><!-- \/wp:paragraph --><\/p>\n<p><!-- wp:paragraph --><\/p>\n<p>Els <strong>quatre primers classificats <\/strong>a l&#8217;OEB, els que han obtingut la medalla d&#8217;or, podran participar en representaci\u00f3 d&#8217;Espanya a l&#8217;<span style=\"color: #ff6600;\"><a style=\"color: #ff6600;\" href=\"http:\/\/olimpiadadebiologia.cat\/index.php\/international-biology-olympiad\/\"><strong><span class=\"has-inline-color has-luminous-vivid-orange-color\">Olimp\u00edada Internacional de Biologia (IBO)<\/span><\/strong><\/a><\/span>.\u00a0<\/p>\n<p><!-- \/wp:paragraph --><\/p>\n<p><!-- wp:paragraph --><\/p>\n<p>Finalment, els <strong>quatre seg\u00fcents classificats <\/strong>a l\u2019OEB, els que han obtingut la medalla de plata, ho podran fer a l&#8217;<span style=\"color: #ff6600;\"><a style=\"color: #ff6600;\" href=\"http:\/\/olimpiadadebiologia.cat\/index.php\/olimpiada-iberoamericana-de-biologia\/\"><strong><span class=\"has-inline-color has-luminous-vivid-orange-color\">Olimp\u00edada Iberoamericana de Biologia (OIAB)<\/span><\/strong><\/a><\/span>.<\/p>\n<p><!-- \/wp:paragraph --><\/p>\n<p><!-- wp:spacer --><\/p>\n<p><!-- \/wp:spacer --><\/p>\n<p><!-- wp:heading --><\/p>\n<h2>Acceptaci\u00f3<\/h2>\n<p><!-- \/wp:heading --><\/p>\n<p><!-- wp:paragraph --><\/p>\n<p><strong>La participaci\u00f3 a l\u2019<strong>Olimp\u00edada de Biologia de Catalunya <\/strong>suposa l\u2019acceptaci\u00f3 d\u2019aquestes bases.<\/strong><\/p>\n<p><!-- \/wp:paragraph --><\/p>\t\t\t\t\t\t\t\t<\/div>\n\t\t\t\t<\/div>\n\t\t\t\t\t<\/div>\n\t\t<\/div>\n\t\t\t\t\t<\/div>\n\t\t<\/section>\n\t\t\t\t<\/div>\n\t\t ","protected":false},"excerpt":{"rendered":"<p>Requisit per a poder participar Els requisits per a poder participar a l&#8217;Olimp\u00edada de Biologia s\u00f3n els seg\u00fcents: Estar matricular a segon curs de batxillerat en un centre de secund\u00e0ria de Catalunya durant el curs de la convocat\u00f2ria. Cada centre <a href=\"https:\/\/olimpiadadebiologia.cat\/index.php\/bases\/\" class=\"read-more\">Llegeix m\u00e9s&#8230;<\/a><\/p>\n","protected":false},"author":1,"featured_media":0,"parent":0,"menu_order":0,"comment_status":"closed","ping_status":"closed","template":"","meta":{"footnotes":""},"class_list":["post-146","page","type-page","status-publish","hentry"],"_links":{"self":[{"href":"https:\/\/olimpiadadebiologia.cat\/index.php\/wp-json\/wp\/v2\/pages\/146","targetHints":{"allow":["GET"]}}],"collection":[{"href":"https:\/\/olimpiadadebiologia.cat\/index.php\/wp-json\/wp\/v2\/pages"}],"about":[{"href":"https:\/\/olimpiadadebiologia.cat\/index.php\/wp-json\/wp\/v2\/types\/page"}],"author":[{"embeddable":true,"href":"https:\/\/olimpiadadebiologia.cat\/index.php\/wp-json\/wp\/v2\/users\/1"}],"replies":[{"embeddable":true,"href":"https:\/\/olimpiadadebiologia.cat\/index.php\/wp-json\/wp\/v2\/comments?post=146"}],"version-history":[{"count":133,"href":"https:\/\/olimpiadadebiologia.cat\/index.php\/wp-json\/wp\/v2\/pages\/146\/revisions"}],"predecessor-version":[{"id":2483,"href":"https:\/\/olimpiadadebiologia.cat\/index.php\/wp-json\/wp\/v2\/pages\/146\/revisions\/2483"}],"wp:attachment":[{"href":"https:\/\/olimpiadadebiologia.cat\/index.php\/wp-json\/wp\/v2\/media?parent=146"}],"curies":[{"name":"wp","href":"https:\/\/api.w.org\/{rel}","templated":true}]}}