{"id":193,"date":"2020-04-18T10:54:47","date_gmt":"2020-04-18T08:54:47","guid":{"rendered":"http:\/\/olimpiadadebiologia.cat\/?page_id=193"},"modified":"2024-10-09T11:36:43","modified_gmt":"2024-10-09T09:36:43","slug":"international-biology-olympiad","status":"publish","type":"page","link":"https:\/\/olimpiadadebiologia.cat\/index.php\/international-biology-olympiad\/","title":{"rendered":"International Biology Olympiad"},"content":{"rendered":"\n<p>L&#8217;<strong>Olimp\u00edada de Biologia Internacional (IBO)<\/strong> \u00e9s l&#8217;\u00faltima fase de nivell mundial que agrupa els millos classificats de m\u00e9s de 70 pa\u00efsos de tots els continents. Els <strong>quatre primers classificats<\/strong> de l&#8217;OEB, si volen i amb despeses pagades, representen Espanya a la fase internacional.<\/p>\n\n\n\n<p>Cada any aquesta fase es realitza al juliol i t\u00e9 una durada d&#8217;una setmana. Els 3 respresentats d&#8217;Espanya, passen una setmana pr\u00e8via de preparaci\u00f3 abans d&#8217;anar a la fase internacional.<\/p>\n\n\n\n<p>La 36 edici\u00f3 de la IBO se celebrar\u00e0 a Filipines al juliol de 2025.<\/p>\n\n\n\n<p>Per a m\u00e9s informaci\u00f3 consultar el web de la <a rel=\"noreferrer noopener\" href=\"http:\/\/ibo-info.org\" target=\"_blank\"><span class=\"has-inline-color has-luminous-vivid-orange-color\">International Biology Olympiad<\/span><\/a><\/p>\n\n\n\n<p><img decoding=\"async\" width=\"150\" height=\"208\" class=\"wp-image-296\" style=\"width: 150px;\" src=\"http:\/\/olimpiadadebiologia.cat\/wp-content\/uploads\/2020\/04\/unnamed.png\" alt=\"\" srcset=\"https:\/\/olimpiadadebiologia.cat\/wp-content\/uploads\/2020\/04\/unnamed.png 369w, https:\/\/olimpiadadebiologia.cat\/wp-content\/uploads\/2020\/04\/unnamed-216x300.png 216w, https:\/\/olimpiadadebiologia.cat\/wp-content\/uploads\/2020\/04\/unnamed-195x270.png 195w\" sizes=\"(max-width: 150px) 100vw, 150px\" \/><\/p>\n ","protected":false},"excerpt":{"rendered":"<p>L&#8217;Olimp\u00edada de Biologia Internacional (IBO) \u00e9s l&#8217;\u00faltima fase de nivell mundial que agrupa els millos classificats de m\u00e9s de 70 pa\u00efsos de tots els continents. Els quatre primers classificats de l&#8217;OEB, si volen i amb despeses pagades, representen Espanya a <a href=\"https:\/\/olimpiadadebiologia.cat\/index.php\/international-biology-olympiad\/\" class=\"read-more\">Llegeix m\u00e9s&#8230;<\/a><\/p>\n","protected":false},"author":1,"featured_media":0,"parent":0,"menu_order":0,"comment_status":"closed","ping_status":"closed","template":"","meta":{"footnotes":""},"class_list":["post-193","page","type-page","status-publish","hentry"],"_links":{"self":[{"href":"https:\/\/olimpiadadebiologia.cat\/index.php\/wp-json\/wp\/v2\/pages\/193","targetHints":{"allow":["GET"]}}],"collection":[{"href":"https:\/\/olimpiadadebiologia.cat\/index.php\/wp-json\/wp\/v2\/pages"}],"about":[{"href":"https:\/\/olimpiadadebiologia.cat\/index.php\/wp-json\/wp\/v2\/types\/page"}],"author":[{"embeddable":true,"href":"https:\/\/olimpiadadebiologia.cat\/index.php\/wp-json\/wp\/v2\/users\/1"}],"replies":[{"embeddable":true,"href":"https:\/\/olimpiadadebiologia.cat\/index.php\/wp-json\/wp\/v2\/comments?post=193"}],"version-history":[{"count":11,"href":"https:\/\/olimpiadadebiologia.cat\/index.php\/wp-json\/wp\/v2\/pages\/193\/revisions"}],"predecessor-version":[{"id":2253,"href":"https:\/\/olimpiadadebiologia.cat\/index.php\/wp-json\/wp\/v2\/pages\/193\/revisions\/2253"}],"wp:attachment":[{"href":"https:\/\/olimpiadadebiologia.cat\/index.php\/wp-json\/wp\/v2\/media?parent=193"}],"curies":[{"name":"wp","href":"https:\/\/api.w.org\/{rel}","templated":true}]}}