{"id":2515,"date":"2026-01-12T18:49:40","date_gmt":"2026-01-12T16:49:40","guid":{"rendered":"https:\/\/olimpiadadebiologia.cat\/?page_id=2515"},"modified":"2026-01-12T18:51:18","modified_gmt":"2026-01-12T16:51:18","slug":"obc-2025","status":"publish","type":"page","link":"https:\/\/olimpiadadebiologia.cat\/index.php\/obc-2025\/","title":{"rendered":"OBC 2025"},"content":{"rendered":"\t\t<div data-elementor-type=\"wp-page\" data-elementor-id=\"2515\" class=\"elementor elementor-2515\">\n\t\t\t\t\t\t<section class=\"elementor-section elementor-top-section elementor-element elementor-element-7330e35d elementor-section-boxed elementor-section-height-default elementor-section-height-default\" data-id=\"7330e35d\" data-element_type=\"section\" data-e-type=\"section\">\n\t\t\t\t\t\t<div class=\"elementor-container elementor-column-gap-default\">\n\t\t\t\t\t<div class=\"elementor-column elementor-col-100 elementor-top-column elementor-element elementor-element-4eecc241\" data-id=\"4eecc241\" data-element_type=\"column\" data-e-type=\"column\">\n\t\t\t<div class=\"elementor-widget-wrap elementor-element-populated\">\n\t\t\t\t\t\t<div class=\"elementor-element elementor-element-1d261c52 elementor-widget__width-initial elementor-widget elementor-widget-text-editor\" data-id=\"1d261c52\" data-element_type=\"widget\" data-e-type=\"widget\" data-widget_type=\"text-editor.default\">\n\t\t\t\t<div class=\"elementor-widget-container\">\n\t\t\t\t\t\t\t\t\t<h1 data-elementor-setting-key=\"title\" data-pen-placeholder=\"Escriviu aqu\u00ed...\"><span style=\"background-color: inherit;\">Resultats XX Olimp\u00edada Espanyola de Biologia 2025<\/span><\/h1>\n<p>El passat 3-6 d&#8217;abril de 2025 va tenir lloc la XX Olimp\u00edada Espanyola de Biologia celebrada a San Crist\u00f3bal de la Launa (Tenerife, Illes Can\u00e0ries). La delegaci\u00f3 catalana amb 4 participants va obtenir <span style=\"color: #808080;\"><strong>una medalla de plata (6a posici\u00f3)<\/strong><\/span> per part de <strong>Dani Stefanov Platikanov<\/strong> i <strong><span style=\"color: #993366;\">una medalla de bronze (12a posici\u00f3)<\/span><\/strong> per a <strong>Alexandra Khromova<\/strong>.<\/p>\n<p>En Dani participar\u00e0 a la XVIII Olimpiada Iberoamericana de Biologia (OIAB 2025) que se celebrar\u00e0 a Arm\u00e8nia (Col\u00f2mbia) a principis de setembre.<\/p>\n<figure id=\"attachment_2417\" aria-describedby=\"caption-attachment-2417\" style=\"width: 847px\" class=\"wp-caption aligncenter\"><img fetchpriority=\"high\" decoding=\"async\" class=\"wp-image-2417 size-large\" src=\"http:\/\/olimpiadadebiologia.cat\/wp-content\/uploads\/2025\/04\/Imagen1-1024x249.png\" alt=\"\" width=\"847\" height=\"206\" srcset=\"https:\/\/olimpiadadebiologia.cat\/wp-content\/uploads\/2025\/04\/Imagen1-1024x249.png 1024w, https:\/\/olimpiadadebiologia.cat\/wp-content\/uploads\/2025\/04\/Imagen1-300x73.png 300w, https:\/\/olimpiadadebiologia.cat\/wp-content\/uploads\/2025\/04\/Imagen1-768x187.png 768w, https:\/\/olimpiadadebiologia.cat\/wp-content\/uploads\/2025\/04\/Imagen1-1536x373.png 1536w, https:\/\/olimpiadadebiologia.cat\/wp-content\/uploads\/2025\/04\/Imagen1-2048x498.png 2048w, https:\/\/olimpiadadebiologia.cat\/wp-content\/uploads\/2025\/04\/Imagen1-360x87.png 360w\" sizes=\"(max-width: 847px) 100vw, 847px\" \/><figcaption id=\"caption-attachment-2417\" class=\"wp-caption-text\">D&#8217;esquerra a dreta: Dani Stefanov Platikanov, Alexandra Khromova, i tota la delegaci\u00f3 catalana a San Crist\u00f3bal de la Laguna.<\/figcaption><\/figure>\n<h1>Resultats XV Olimp\u00edada de Biologia de Catalunya 2025<\/h1>\n<div>A continuaci\u00f3 es troba una taula amb els guanyadors de la XV OBC 2025. Els ol\u00edmpics estan ordenats per ordre alfab\u00e8tic a les medalles de bronze i per ordre de puntuaci\u00f3 a les medalles de plata i or.<\/div>\n<div><img decoding=\"async\" class=\"aligncenter wp-image-2409\" src=\"http:\/\/olimpiadadebiologia.cat\/wp-content\/uploads\/2025\/04\/Finalistes-OBC-2025.png\" alt=\"\" width=\"700\" height=\"414\" srcset=\"https:\/\/olimpiadadebiologia.cat\/wp-content\/uploads\/2025\/04\/Finalistes-OBC-2025.png 1010w, https:\/\/olimpiadadebiologia.cat\/wp-content\/uploads\/2025\/04\/Finalistes-OBC-2025-300x178.png 300w, https:\/\/olimpiadadebiologia.cat\/wp-content\/uploads\/2025\/04\/Finalistes-OBC-2025-768x455.png 768w, https:\/\/olimpiadadebiologia.cat\/wp-content\/uploads\/2025\/04\/Finalistes-OBC-2025-360x213.png 360w\" sizes=\"(max-width: 700px) 100vw, 700px\" \/><\/div>\n<p>Finalment al seg\u00fcent enlla\u00e7 podeu accedir a les fotografies que es van fer durant totes les fases de l&#8217;OBC 2025:&nbsp;<\/p>\n<div data-olk-copy-source=\"MessageBody\"><span style=\"color: #ff6600;\"><a style=\"color: #ff6600;\" href=\"https:\/\/drive.google.com\/drive\/folders\/1bSpEqCEaowJuWkZ2nKfijBiFpepPA2tT?usp=drive_link\" target=\"_blank\" rel=\"noopener\">Fotos prova te\u00f2rica<\/a><\/span><\/div>\n<div>&nbsp;<\/div>\n<div><span style=\"color: #ff6600;\"><a style=\"color: #ff6600;\" href=\"https:\/\/drive.google.com\/drive\/folders\/1GbvXs2yFFwcTRXO_89xMZYc78E03N6-X?usp=drive_link\" target=\"_blank\" rel=\"noopener\">Fotos prova pr\u00e0ctica<\/a><\/span><\/div>\n<div>&nbsp;<\/div>\n<div><span style=\"color: #ff6600;\"><a style=\"color: #ff6600;\" href=\"https:\/\/drive.google.com\/drive\/folders\/1dh8xP1ZPzY1o5_8HxsuYk2D0_7RS1l_L?usp=drive_link\" target=\"_blank\" rel=\"noopener\">Fotos visites finalistes<\/a><\/span><\/div>\n<div>&nbsp;<\/div>\n<div><span style=\"color: #ff6600;\"><a style=\"color: #ff6600;\" href=\"https:\/\/drive.google.com\/drive\/folders\/1iBUzCjaAnrfQZP23F_JQcvk_OWI9c11m?usp=drive_link\" target=\"_blank\" rel=\"noopener\">Fotos lliurament de premis<\/a><\/span><\/div>\n<h1 data-elementor-setting-key=\"title\" data-pen-placeholder=\"Escriviu aqu\u00ed...\"><br><\/h1>\t\t\t\t\t\t\t\t<\/div>\n\t\t\t\t<\/div>\n\t\t\t\t\t<\/div>\n\t\t<\/div>\n\t\t\t\t\t<\/div>\n\t\t<\/section>\n\t\t\t\t<\/div>\n\t\t ","protected":false},"excerpt":{"rendered":"<p>Resultats XX Olimp\u00edada Espanyola de Biologia 2025 El passat 3-6 d&#8217;abril de 2025 va tenir lloc la XX Olimp\u00edada Espanyola de Biologia celebrada a San Crist\u00f3bal de la Launa (Tenerife, Illes Can\u00e0ries). La delegaci\u00f3 catalana amb 4 participants va obtenir <a href=\"https:\/\/olimpiadadebiologia.cat\/index.php\/obc-2025\/\" class=\"read-more\">Llegeix m\u00e9s&#8230;<\/a><\/p>\n","protected":false},"author":2,"featured_media":0,"parent":0,"menu_order":0,"comment_status":"closed","ping_status":"closed","template":"","meta":{"footnotes":""},"class_list":["post-2515","page","type-page","status-publish","hentry"],"_links":{"self":[{"href":"https:\/\/olimpiadadebiologia.cat\/index.php\/wp-json\/wp\/v2\/pages\/2515","targetHints":{"allow":["GET"]}}],"collection":[{"href":"https:\/\/olimpiadadebiologia.cat\/index.php\/wp-json\/wp\/v2\/pages"}],"about":[{"href":"https:\/\/olimpiadadebiologia.cat\/index.php\/wp-json\/wp\/v2\/types\/page"}],"author":[{"embeddable":true,"href":"https:\/\/olimpiadadebiologia.cat\/index.php\/wp-json\/wp\/v2\/users\/2"}],"replies":[{"embeddable":true,"href":"https:\/\/olimpiadadebiologia.cat\/index.php\/wp-json\/wp\/v2\/comments?post=2515"}],"version-history":[{"count":7,"href":"https:\/\/olimpiadadebiologia.cat\/index.php\/wp-json\/wp\/v2\/pages\/2515\/revisions"}],"predecessor-version":[{"id":2522,"href":"https:\/\/olimpiadadebiologia.cat\/index.php\/wp-json\/wp\/v2\/pages\/2515\/revisions\/2522"}],"wp:attachment":[{"href":"https:\/\/olimpiadadebiologia.cat\/index.php\/wp-json\/wp\/v2\/media?parent=2515"}],"curies":[{"name":"wp","href":"https:\/\/api.w.org\/{rel}","templated":true}]}}