{"id":836,"date":"2024-10-10T18:02:00","date_gmt":"2024-10-10T16:02:00","guid":{"rendered":"http:\/\/olimpiadadebiologia.cat\/?page_id=836"},"modified":"2026-03-27T14:36:40","modified_gmt":"2026-03-27T12:36:40","slug":"index","status":"publish","type":"page","link":"https:\/\/olimpiadadebiologia.cat\/","title":{"rendered":"Inici"},"content":{"rendered":"\t\t<div data-elementor-type=\"wp-page\" data-elementor-id=\"836\" class=\"elementor elementor-836\">\n\t\t\t\t\t\t<section class=\"elementor-section elementor-top-section elementor-element elementor-element-8aee0a0 elementor-section-boxed elementor-section-height-default elementor-section-height-default\" data-id=\"8aee0a0\" data-element_type=\"section\" data-e-type=\"section\">\n\t\t\t\t\t\t<div class=\"elementor-container elementor-column-gap-default\">\n\t\t\t\t\t<div class=\"elementor-column elementor-col-100 elementor-top-column elementor-element elementor-element-0a4655c\" data-id=\"0a4655c\" data-element_type=\"column\" data-e-type=\"column\">\n\t\t\t<div class=\"elementor-widget-wrap\">\n\t\t\t\t\t\t\t<\/div>\n\t\t<\/div>\n\t\t\t\t\t<\/div>\n\t\t<\/section>\n\t\t\t\t<section class=\"elementor-section elementor-top-section elementor-element elementor-element-7330e35d elementor-section-boxed elementor-section-height-default elementor-section-height-default\" data-id=\"7330e35d\" data-element_type=\"section\" data-e-type=\"section\">\n\t\t\t\t\t\t<div class=\"elementor-container elementor-column-gap-default\">\n\t\t\t\t\t<div class=\"elementor-column elementor-col-100 elementor-top-column elementor-element elementor-element-4eecc241\" data-id=\"4eecc241\" data-element_type=\"column\" data-e-type=\"column\">\n\t\t\t<div class=\"elementor-widget-wrap elementor-element-populated\">\n\t\t\t\t\t\t<div class=\"elementor-element elementor-element-c495dc0 elementor-widget elementor-widget-text-editor\" data-id=\"c495dc0\" data-element_type=\"widget\" data-e-type=\"widget\" data-widget_type=\"text-editor.default\">\n\t\t\t\t<div class=\"elementor-widget-container\">\n\t\t\t\t\t\t\t\t\t<h1><img fetchpriority=\"high\" decoding=\"async\" class=\"aligncenter wp-image-2627 size-large\" style=\"font-size: 16px;\" src=\"http:\/\/olimpiadadebiologia.cat\/wp-content\/uploads\/2026\/03\/DSC3058-1024x683.jpg\" alt=\"\" width=\"847\" height=\"565\" srcset=\"https:\/\/olimpiadadebiologia.cat\/wp-content\/uploads\/2026\/03\/DSC3058-1024x683.jpg 1024w, https:\/\/olimpiadadebiologia.cat\/wp-content\/uploads\/2026\/03\/DSC3058-300x200.jpg 300w, https:\/\/olimpiadadebiologia.cat\/wp-content\/uploads\/2026\/03\/DSC3058-768x512.jpg 768w, https:\/\/olimpiadadebiologia.cat\/wp-content\/uploads\/2026\/03\/DSC3058-1536x1024.jpg 1536w, https:\/\/olimpiadadebiologia.cat\/wp-content\/uploads\/2026\/03\/DSC3058-2048x1365.jpg 2048w, https:\/\/olimpiadadebiologia.cat\/wp-content\/uploads\/2026\/03\/DSC3058-360x240.jpg 360w\" sizes=\"(max-width: 847px) 100vw, 847px\" \/><\/h1>\n<h1>Resultats de la XXI Olimp\u00edada Espanyola de Biologia \u00a0<\/h1>\n<p>La\u00a0<a href=\"https:\/\/olimpiadadebiologia.edu.es\/\" target=\"_blank\" rel=\"noopener\">XXI Olimp\u00edada Espanyola de Biologia (OEB 2026)<\/a>\u00a0ha tingut com a escenari la Facultat de Medicina de la Universitat de Cant\u00e0bria, a Santander, on s\u2019han donat cita 55 estudiants ol\u00edmpics de tot l\u2019Estat. Catalunya hi ha estat representada pels quatre m\u00e9s ben classificats de l\u2019edici\u00f3 catalana d\u2019enguany: Cl\u00e0udia Moruno de la Cruz (Escola Goar, Viladecans), H\u00e9ctor Varona Gonz\u00e1lez (Institut Jaume Vicens Vives, Girona), Yuxiang Chen (Institut Pere Alsius i Torrent, Banyoles) i Pau Alfaro Gonz\u00e1lez (Institut Guind\u00e0vols, Lleida). La\u00a0delegaci\u00f3 catalana, a m\u00e9s dels quatre estudiants de segon de batxillerat, comptava amb el suport de la gerent del CBC Ana Morales i el bi\u00f2leg i docent Antonio Jimeno. Tots ells han participat a Santander en la fase nacional de la competici\u00f3 celebrada a la Universitat de Cant\u00e0bria del 12 al 15 de mar\u00e7.<\/p>\n<div id=\"attachment_17185\" class=\"wp-caption alignright\"><img decoding=\"async\" class=\"wp-image-17185 size-medium\" src=\"https:\/\/cbiolegs.cat\/wp-content\/uploads\/2026\/03\/Pau-Alfaro-C-300x300.jpg\" sizes=\"(max-width: 300px) 100vw, 300px\" srcset=\"https:\/\/cbiolegs.cat\/wp-content\/uploads\/2026\/03\/Pau-Alfaro-C-300x300.jpg 300w, https:\/\/cbiolegs.cat\/wp-content\/uploads\/2026\/03\/Pau-Alfaro-C-1019x1024.jpg 1019w, https:\/\/cbiolegs.cat\/wp-content\/uploads\/2026\/03\/Pau-Alfaro-C-150x150.jpg 150w, https:\/\/cbiolegs.cat\/wp-content\/uploads\/2026\/03\/Pau-Alfaro-C.jpg 1063w\" alt=\"Pau Alfaro Olimpiada Espa\u00f1ola de biologia\" width=\"300\" height=\"300\" aria-describedby=\"caption-attachment-17185\" \/>\n<p id=\"caption-attachment-17185\" class=\"wp-caption-text\">En Pau amb el diploma i la medalla de plata aconseguida.<\/p>\n<\/div>\n<p>El punt m\u00e9s destacat per a la delegaci\u00f3 catalana ha estat la medalla de plata\u00a0<strong>aconseguida per Pau Alfaro Gonz\u00e1lez<\/strong>, que se situa entre els millors estudiants de biologia de tot Espanya. Gr\u00e0cies a aquest reconeixement, en Pau ha estat seleccionat per representar<strong>\u00a0Espanya a la XIX Olimp\u00edada Iberoamericana de Biologia (OIAB 2026)<\/strong>, que se celebrar\u00e0 a S\u00e3o Paulo (Brasil).<\/p>\n<h2>Resultats generals, en Pau medalla de plata.<\/h2>\n<p style=\"text-align: left;\">Les quatre medalles d\u2019or de l\u2019edici\u00f3 van ser per a Mart\u00edn Serrano Vera (IES Juan Carlos I, M\u00farcia), Santiago Requero Jim\u00e9nez (Col\u00b7legi Santa Catalina de Sena, Madrid), Antonio Monge \u00c1lvarez de Toledo (Col\u00b7legi Salesiano Mar\u00eda Auxiliadora, M\u00e8rida) i Amelia Ales\u00f3n Orallo (IES B\u00e1rbara de Braganza, Badajoz), que representaran Espanya a la XXXVII Olimp\u00edada Internacional de Biologia (IBO 2026), que tindr\u00e0 lloc a V\u00edlnius (Litu\u00e0nia).<\/p>\n<p style=\"text-align: left;\">Acompanyant Pau Alfaro a la delegaci\u00f3 espanyola per a la OIAB 2026 hi seran Miguel Masa Fern\u00e1ndez (Col\u00b7legi Villa de Gri\u00f1\u00f3n, Madrid), \u00c1ngel Alemany Rojas (Col\u00b7legi Inmaculada Jesuitas, Alacant) i Patricia Pueyo S\u00e1nchez (IES Goya, Saragossa).<\/p>\n<p>\u00a0<\/p>\n<p><img decoding=\"async\" class=\"size-medium wp-image-17183\" src=\"https:\/\/cbiolegs.cat\/wp-content\/uploads\/2026\/03\/medalles-plata-oeb-300x200.jpeg\" sizes=\"(max-width: 300px) 100vw, 300px\" srcset=\"https:\/\/cbiolegs.cat\/wp-content\/uploads\/2026\/03\/medalles-plata-oeb-300x200.jpeg 300w, https:\/\/cbiolegs.cat\/wp-content\/uploads\/2026\/03\/medalles-plata-oeb.jpeg 768w\" alt=\"Olimpiada Espanyola de Biologia\" width=\"300\" height=\"200\" aria-describedby=\"caption-attachment-17183\" \/><\/p>\n<p class=\"wp-caption-text\" style=\"text-align: left;\">Medalles de Plata: (d\u2019 esquerra a dreta): Miguel Masa Fern\u00e1ndez, \u00c1ngel Alemany Rojas, Patricia Pueyo S\u00e1nchez i Pau Alfaro Gonz\u00e1lez.<\/p>\n<h2>Una delegaci\u00f3 catalana ben preparada<\/h2>\n<p>Des de l&#8217;OBC felicitem tots quatre participants pel seu esfor\u00e7 i nivell demostrat. La Cl\u00e0udia, l\u2019H\u00e8ctor i en Yuxiang van fer una molt bona feina. I fem una menci\u00f3 molt especial a en Pau Alfaro per la seva medalla de plata i per la seva pr\u00f2xima participaci\u00f3 en la competici\u00f3 iberoamericana. Li desitgem el millor de cara a aquest nou repte al Brasil!<\/p>\n<p>M\u00e9s informaci\u00f3 de l&#8217;OEB 2026: <a href=\"https:\/\/olimpiadadebiologia.edu.es\/\" target=\"_blank\" rel=\"noopener\">https:\/\/olimpiadadebiologia.edu.es\/<\/a><\/p>\n<p>\u00a0<\/p>\n<p><!-- \/wp:list --><\/p>\n<p><!-- wp:html --><\/p>\n<figure><\/figure>\n<p><!-- \/wp:html --><\/p>\n<p><!-- wp:paragraph --><\/p>\n<p><!-- \/wp:paragraph --><\/p>\t\t\t\t\t\t\t\t<\/div>\n\t\t\t\t<\/div>\n\t\t\t\t<div class=\"elementor-element elementor-element-1d261c52 elementor-widget__width-initial elementor-widget elementor-widget-text-editor\" data-id=\"1d261c52\" data-element_type=\"widget\" data-e-type=\"widget\" data-widget_type=\"text-editor.default\">\n\t\t\t\t<div class=\"elementor-widget-container\">\n\t\t\t\t\t\t\t\t\t<h1 data-elementor-setting-key=\"title\" data-pen-placeholder=\"Escriviu aqu\u00ed...\">Resultats XVI Olimp\u00edada de Biologia de Catalunya 2026<\/h1><p><img loading=\"lazy\" decoding=\"async\" class=\"alignnone size-medium wp-image-2606\" src=\"http:\/\/olimpiadadebiologia.cat\/wp-content\/uploads\/2026\/02\/138-300x200.jpg\" alt=\"\" width=\"300\" height=\"200\" srcset=\"https:\/\/olimpiadadebiologia.cat\/wp-content\/uploads\/2026\/02\/138-300x200.jpg 300w, https:\/\/olimpiadadebiologia.cat\/wp-content\/uploads\/2026\/02\/138-1024x681.jpg 1024w, https:\/\/olimpiadadebiologia.cat\/wp-content\/uploads\/2026\/02\/138-768x511.jpg 768w, https:\/\/olimpiadadebiologia.cat\/wp-content\/uploads\/2026\/02\/138-1536x1022.jpg 1536w, https:\/\/olimpiadadebiologia.cat\/wp-content\/uploads\/2026\/02\/138-2048x1362.jpg 2048w, https:\/\/olimpiadadebiologia.cat\/wp-content\/uploads\/2026\/02\/138-360x240.jpg 360w\" sizes=\"(max-width: 300px) 100vw, 300px\" \/> <img loading=\"lazy\" decoding=\"async\" class=\"alignnone size-medium wp-image-2605\" src=\"http:\/\/olimpiadadebiologia.cat\/wp-content\/uploads\/2026\/02\/137-300x204.jpg\" alt=\"\" width=\"300\" height=\"204\" srcset=\"https:\/\/olimpiadadebiologia.cat\/wp-content\/uploads\/2026\/02\/137-300x204.jpg 300w, https:\/\/olimpiadadebiologia.cat\/wp-content\/uploads\/2026\/02\/137-1024x696.jpg 1024w, https:\/\/olimpiadadebiologia.cat\/wp-content\/uploads\/2026\/02\/137-768x522.jpg 768w, https:\/\/olimpiadadebiologia.cat\/wp-content\/uploads\/2026\/02\/137-1536x1045.jpg 1536w, https:\/\/olimpiadadebiologia.cat\/wp-content\/uploads\/2026\/02\/137-2048x1393.jpg 2048w, https:\/\/olimpiadadebiologia.cat\/wp-content\/uploads\/2026\/02\/137-360x245.jpg 360w\" sizes=\"(max-width: 300px) 100vw, 300px\" \/> <img loading=\"lazy\" decoding=\"async\" class=\"alignnone  wp-image-2604\" src=\"http:\/\/olimpiadadebiologia.cat\/wp-content\/uploads\/2026\/02\/133-300x176.jpg\" alt=\"\" width=\"365\" height=\"214\" srcset=\"https:\/\/olimpiadadebiologia.cat\/wp-content\/uploads\/2026\/02\/133-300x176.jpg 300w, https:\/\/olimpiadadebiologia.cat\/wp-content\/uploads\/2026\/02\/133-1024x600.jpg 1024w, https:\/\/olimpiadadebiologia.cat\/wp-content\/uploads\/2026\/02\/133-768x450.jpg 768w, https:\/\/olimpiadadebiologia.cat\/wp-content\/uploads\/2026\/02\/133-1536x901.jpg 1536w, https:\/\/olimpiadadebiologia.cat\/wp-content\/uploads\/2026\/02\/133-2048x1201.jpg 2048w, https:\/\/olimpiadadebiologia.cat\/wp-content\/uploads\/2026\/02\/133-360x211.jpg 360w\" sizes=\"(max-width: 365px) 100vw, 365px\" \/><\/p><p>La XVI Olimp\u00edada de Biologia de Catalunya ha comptat <strong>amb la participaci\u00f3 de 221 alumnes de segon de batxillerat procedents de 62 centres educatius d\u2019arreu del pa\u00eds<\/strong>. Els 20 estudiants amb millor puntuaci\u00f3 a la prova te\u00f2rica van accedir a les proves pr\u00e0ctiques. L\u2019organitzaci\u00f3 vol fer una menci\u00f3 especial a tots els participants pel seu esfor\u00e7 i comprom\u00eds amb l\u2019estudi de la Biologia.<\/p><p>La guanyadora absoluta ha estat <strong>Cl\u00e0udia Moruno de la Cruz<\/strong>, alumna de <strong>l\u2019Escola Goar<\/strong> de Viladecans (Baix Llobregat), que ha obtingut la puntuaci\u00f3 m\u00e9s alta del conjunt de proves. En segona i tercera posici\u00f3 s\u2019han classificat <strong>H\u00e9ctor Varona Gonz\u00e1lez<\/strong>, de <strong>l\u2019Institut Jaume Vicens Vives<\/strong> de Girona, i <strong>Yuxiang Chen<\/strong>, de <strong>l\u2019Institut Pere Alsius i Torrent <\/strong>de Banyoles.<\/p><p>Aquests tres estudiants, juntament amb els seg\u00fcent classificat <strong>Pau Alfaro Gonz\u00e1lez<\/strong> de <strong>l\u2019Institut Guind\u00e0vols<\/strong> de Lleida classificat-, representaran Catalunya a la <strong>XXI Olimp\u00edada Espanyola de Biologia<\/strong>, que tindr\u00e0 lloc a la Universitat de Cant\u00e0bria (Santander) <strong>del 12 al 15 de mar\u00e7 de 2026<\/strong>.<\/p><p>Medalla d\u2019Or<\/p><ol><li>Cl\u00e0udia Moruno de la Cruz \u2013 Escola Goar (Viladecans)<\/li><li>H\u00e9ctor Varona Gonz\u00e1lez \u2013 Institut Jaume Vicens Vives (Girona)<\/li><li>Yuxiang Chen \u2013 Institut Pere Alsius i Torrent (Banyoles)<\/li><\/ol><p>\u00a0<\/p><p>Medalla de Plata<\/p><ol start=\"4\"><li>Pau Alfaro Gonz\u00e1lez \u2013 Institut Guind\u00e0vols (Lleida)<\/li><li>Miguel Rodr\u00edguez Garc\u00eda \u2013 Fundaci\u00f3 CIC Escola de Batxillerats (Barcelona)<\/li><li>Manel Cort\u00e9s Garc\u00eda \u2013 La Salle Tarragona (Tarragona)<\/li><\/ol><p>\u00a0<\/p><p>Medalla de Bronze (per ordre alfab\u00e8tic del cognom)<\/p><ul><li>Bruna Basas Jaumandreu (La Salle Manresa, Manresa)<\/li><li>Adri\u00e0 Bru Rosell\u00f3 (Instituci\u00f3 Tarragona, Constant\u00ed)<\/li><li>Sandra Calleja Fern\u00e1ndez (Institut Sant Quirze del Vall\u00e8s, Sant Quirze del Vall\u00e8s)<\/li><li>Ziyad El Hadig Rchini (Institut Ramon Muntaner, Figueres)<\/li><li>Galen Elvis Gibson Kerek (Institut Frederic Mart\u00ed Carreras, Palafrugell)<\/li><li>Mireia Llorens i Cabarrocas (Institut Jaume Vicens Vives, Girona)<\/li><li>Alejandro L\u00f3pez Varela (Stucom, Barcelona)<\/li><li>Mart\u00ed Mosegu\u00ed Cadena (Institut Antoni de Mart\u00ed i Franqu\u00e8s, Tarragona)<\/li><li>Andrea Gema Osorio Ortega (Escola Goar, Viladecans)<\/li><li>\u00c0ngela Proc Burgarolas (Escola Pia de Caldes de Montbui, Caldes de Montbui)<\/li><li>Alan Sabadell Garcia (Institut Jaume Almera, Vilassar de Dalt)<\/li><li>Camila Simonsohn Husid (Aula Escola Europea, Barcelona)<\/li><li>Cl\u00e0udia Taufiq Bonveh\u00ed (Institut Guillem Cat\u00e0, Manresa)<\/li><li>J\u00falia Vila Rodr\u00edguez (Escola Montagut, Vilafranca del Pened\u00e8s)<\/li><\/ul><p>\u00a0<\/p><p>Finalment al seg\u00fcent enlla\u00e7 podeu accedir a les fotografies que es van fer durant totes les fases de l\u2019OBC 2026:\u00a0<\/p><p><span style=\"color: #ff6600;\"><a style=\"color: #ff6600;\" href=\"https:\/\/drive.google.com\/drive\/folders\/1g30hnveqXbBxRbBRRSpy0SGMU-teoS9T?usp=sharing\">Fotos prova te\u00f2rica<\/a><\/span><\/p><p><span style=\"color: #ff6600;\"><a style=\"color: #ff6600;\" href=\"https:\/\/drive.google.com\/drive\/folders\/1CZ1ncWAG7eQbLPx6jda11AixEFbxaDW0?usp=sharing\">Fotos prova pr\u00e0ctica<\/a><\/span><\/p><p><span style=\"color: #ff6600;\"><a style=\"color: #ff6600;\" href=\"https:\/\/drive.google.com\/drive\/folders\/16Z-v-SgevnHH-H1qTkWpdlw5M22qZ89R?usp=sharing\">Fotos visites finalistes<\/a><\/span><\/p><p><span style=\"color: #ff6600;\"><a style=\"color: #ff6600;\" href=\"https:\/\/drive.google.com\/drive\/folders\/19b8JHr9Hw3ELE4obBYGKrGViLZeAJlXY?usp=sharing\">Fotos lliurament de premis<\/a><\/span><\/p><p><br \/>Classificaci\u00f3 en quartils de la resta de participants de l\u2019edici\u00f3<\/p><p>Els alumnes participants de la\u00a0<strong>XVI Olimp\u00edada de Biologia de Catalunya 2026<\/strong>\u00a0es troben classificats en\u00a0<u>quatre quartils per nota<\/u>, dintre de cada quartil es troben per ordre alfab\u00e8tic de primer cognom.<\/p><p>1r. <span style=\"color: #ff6600;\"><a style=\"color: #ff6600;\" href=\"http:\/\/olimpiadadebiologia.cat\/wp-content\/uploads\/2026\/02\/1erquartilOBC2026.pdf\">Quartil OBC 2026<\/a><\/span><\/p><p>2n. <span style=\"color: #ff6600;\"><a style=\"color: #ff6600;\" href=\"http:\/\/olimpiadadebiologia.cat\/wp-content\/uploads\/2026\/02\/2onquartilOBC2026.pdf\">Quartil OBC 2026<\/a><\/span><\/p><p>3r. <span style=\"color: #ff6600;\"><a style=\"color: #ff6600;\" href=\"http:\/\/olimpiadadebiologia.cat\/wp-content\/uploads\/2026\/02\/3erquartilOBC2026.pdf\">Quartil OBC 2026<\/a><\/span><\/p><p>4rt. <span style=\"color: #ff6600;\"><a style=\"color: #ff6600;\" href=\"http:\/\/olimpiadadebiologia.cat\/wp-content\/uploads\/2026\/02\/4rtquartilOBC2026.pdf\">Quartil OBC 2026<\/a><\/span><\/p>\t\t\t\t\t\t\t\t<\/div>\n\t\t\t\t<\/div>\n\t\t\t\t\t<\/div>\n\t\t<\/div>\n\t\t\t\t\t<\/div>\n\t\t<\/section>\n\t\t\t\t<\/div>\n\t\t ","protected":false},"excerpt":{"rendered":"<p>Resultats de la XXI Olimp\u00edada Espanyola de Biologia \u00a0 La\u00a0XXI Olimp\u00edada Espanyola de Biologia (OEB 2026)\u00a0ha tingut com a escenari la Facultat de Medicina de la Universitat de Cant\u00e0bria, a Santander, on s\u2019han donat cita 55 estudiants ol\u00edmpics de tot <a href=\"https:\/\/olimpiadadebiologia.cat\/\" class=\"read-more\">Llegeix m\u00e9s&#8230;<\/a><\/p>\n","protected":false},"author":2,"featured_media":0,"parent":0,"menu_order":0,"comment_status":"closed","ping_status":"closed","template":"","meta":{"footnotes":""},"class_list":["post-836","page","type-page","status-publish","hentry"],"_links":{"self":[{"href":"https:\/\/olimpiadadebiologia.cat\/index.php\/wp-json\/wp\/v2\/pages\/836","targetHints":{"allow":["GET"]}}],"collection":[{"href":"https:\/\/olimpiadadebiologia.cat\/index.php\/wp-json\/wp\/v2\/pages"}],"about":[{"href":"https:\/\/olimpiadadebiologia.cat\/index.php\/wp-json\/wp\/v2\/types\/page"}],"author":[{"embeddable":true,"href":"https:\/\/olimpiadadebiologia.cat\/index.php\/wp-json\/wp\/v2\/users\/2"}],"replies":[{"embeddable":true,"href":"https:\/\/olimpiadadebiologia.cat\/index.php\/wp-json\/wp\/v2\/comments?post=836"}],"version-history":[{"count":485,"href":"https:\/\/olimpiadadebiologia.cat\/index.php\/wp-json\/wp\/v2\/pages\/836\/revisions"}],"predecessor-version":[{"id":2642,"href":"https:\/\/olimpiadadebiologia.cat\/index.php\/wp-json\/wp\/v2\/pages\/836\/revisions\/2642"}],"wp:attachment":[{"href":"https:\/\/olimpiadadebiologia.cat\/index.php\/wp-json\/wp\/v2\/media?parent=836"}],"curies":[{"name":"wp","href":"https:\/\/api.w.org\/{rel}","templated":true}]}}